{"id":128,"date":"2024-09-27T11:58:17","date_gmt":"2024-09-27T11:58:17","guid":{"rendered":"https:\/\/kyrios-business.es\/gourmet\/?page_id=128"},"modified":"2024-09-27T11:58:42","modified_gmt":"2024-09-27T11:58:42","slug":"condiciones-venta","status":"publish","type":"page","link":"https:\/\/kyrios-business.es\/gourmet\/condiciones-venta\/","title":{"rendered":"Condiciones de Venta"},"content":{"rendered":"<div class=\"wpb-content-wrapper\"><p>[vc_row][vc_column][vc_column_text]<\/p>\n<h2 style=\"font-weight: 400;\">GASTOS DE ENV\u00cdO Y ZONAS DE REPARTO<\/h2>\n<p style=\"font-weight: 400;\">Los gastos de env\u00edo ser\u00e1n gratuitos para todos los pedidos con entregas en:<\/p>\n<table width=\"20%\">\n<thead><\/thead>\n<tbody>\n<tr>\n<td>\n<ul>\n<li style=\"font-weight: 400;\">Torrent<\/li>\n<li style=\"font-weight: 400;\">Pica\u00f1a<\/li>\n<li style=\"font-weight: 400;\">Paiporta<\/li>\n<li style=\"font-weight: 400;\">Xirivella<\/li>\n<\/ul>\n<\/td>\n<td>\n<ul>\n<li style=\"font-weight: 400;\">Alaqu\u00e1s<\/li>\n<li style=\"font-weight: 400;\">Aldaya<\/li>\n<li style=\"font-weight: 400;\">Manises<\/li>\n<li style=\"font-weight: 400;\">Valencia<\/li>\n<\/ul>\n<\/td>\n<\/tr>\n<\/tbody>\n<\/table>\n<p>Fuera de estas zonas consultar: 652 556 303 \/ 961 560 631 &#8211; <a href=\"mailto:paula@kyrios-business.es\">paula@kyrios-business.es<\/a><\/p>\n<h2><\/h2>\n<h2 style=\"font-weight: 400;\">PLAZO DE ENTREGA<\/h2>\n<p style=\"font-weight: 400;\">Como norma general, los pedidos entrar\u00e1n en preparaci\u00f3n y pasar\u00e1n a disposici\u00f3n de la agencia de transportes dentro de las 48 horas siguientes a la confirmaci\u00f3n del pedido.<\/p>\n<p style=\"font-weight: 400;\">Una vez puesta la mercanc\u00eda a disposici\u00f3n de la agencia, el plazo de entrega al domicilio del destinatario ser\u00e1 en un plazo m\u00e1ximo de 48 a 72 horas.<\/p>\n<p style=\"font-weight: 400;\">En todo caso, para la consideraci\u00f3n de estos plazos se han tenido en cuenta d\u00edas laborables (excluidos s\u00e1bados, domingos y festivos).<\/p>\n<h2><\/h2>\n<h2 style=\"font-weight: 400;\">POL\u00cdTICA DE DEVOLUCIONES Y GESTI\u00d3N DE INCIDENCIAS<\/h2>\n<p style=\"font-weight: 400;\">S\u00f3lo se aceptar\u00e1n las reclamaciones de devoluci\u00f3n o cambio de mercanc\u00eda cuando se suceda alguna de las siguientes situaciones.<\/p>\n<ul>\n<li style=\"font-weight: 400;\">El producto recibido no coincide con el producto especificado y adquirido en el proceso de compra.<\/li>\n<li style=\"font-weight: 400;\">El producto recibido est\u00e1 da\u00f1ado.<\/li>\n<\/ul>\n<p style=\"font-weight: 400;\">Para la comunicaci\u00f3n de la incidencia, ser\u00e1 necesario comunicarse por email con\u00a0<a href=\"mailto:paula@kyrios-business.es\">paula@kyrios-business.es<\/a>, ofreciendo todos los detalles del pedido y la entrega, as\u00ed como cualquier tipo de fotograf\u00eda, documento adjunto o prueba de la incidencia, y se proceder\u00e1 de inmediato a la reposici\u00f3n del producto.<\/p>\n<p>&nbsp;<\/p>\n<h2 style=\"font-weight: 400;\">\u00a1ADVERTENCIA!<\/h2>\n<p style=\"font-weight: 400;\">A la entrega del producto, se recomienda la inspecci\u00f3n detenida del producto, y, en caso de apreciar cualquier tipo de mancha o indicio de rotura en el interior, deber\u00e1 ser comunicado al repartidor para que \u00e9ste lo haga constar en el informe de entrega.<\/p>\n<p><!-- \/wp:paragraph -->[\/vc_column_text][\/vc_column][\/vc_row]<\/p>\n<\/div>","protected":false},"excerpt":{"rendered":"<p>[vc_row][vc_column][vc_column_text] GASTOS DE ENV\u00cdO Y ZONAS DE REPARTO Los gastos de env\u00edo ser\u00e1n gratuitos para todos los pedidos con entregas en: Torrent Pica\u00f1a Paiporta Xirivella Alaqu\u00e1s Aldaya Manises Valencia Fuera de estas zonas consultar: 652 556 303 \/ 961 560 631 &#8211; paula@kyrios-business.es PLAZO DE ENTREGA Como norma general, los pedidos entrar\u00e1n en preparaci\u00f3n y[&#8230;]<\/p>\n","protected":false},"author":1,"featured_media":0,"parent":0,"menu_order":0,"comment_status":"closed","ping_status":"closed","template":"","meta":{"footnotes":""},"class_list":["post-128","page","type-page","status-publish","hentry"],"jetpack_sharing_enabled":true,"_links":{"self":[{"href":"https:\/\/kyrios-business.es\/gourmet\/wp-json\/wp\/v2\/pages\/128"}],"collection":[{"href":"https:\/\/kyrios-business.es\/gourmet\/wp-json\/wp\/v2\/pages"}],"about":[{"href":"https:\/\/kyrios-business.es\/gourmet\/wp-json\/wp\/v2\/types\/page"}],"author":[{"embeddable":true,"href":"https:\/\/kyrios-business.es\/gourmet\/wp-json\/wp\/v2\/users\/1"}],"replies":[{"embeddable":true,"href":"https:\/\/kyrios-business.es\/gourmet\/wp-json\/wp\/v2\/comments?post=128"}],"version-history":[{"count":1,"href":"https:\/\/kyrios-business.es\/gourmet\/wp-json\/wp\/v2\/pages\/128\/revisions"}],"predecessor-version":[{"id":158,"href":"https:\/\/kyrios-business.es\/gourmet\/wp-json\/wp\/v2\/pages\/128\/revisions\/158"}],"wp:attachment":[{"href":"https:\/\/kyrios-business.es\/gourmet\/wp-json\/wp\/v2\/media?parent=128"}],"curies":[{"name":"wp","href":"https:\/\/api.w.org\/{rel}","templated":true}]}}