{"id":13,"date":"2024-05-10T14:54:31","date_gmt":"2024-05-10T14:54:31","guid":{"rendered":"https:\/\/kyrios-business.es\/gourmet\/?page_id=13"},"modified":"2024-10-10T19:25:54","modified_gmt":"2024-10-10T19:25:54","slug":"inicio","status":"publish","type":"page","link":"https:\/\/kyrios-business.es\/gourmet\/","title":{"rendered":"Inicio"},"content":{"rendered":"<div class=\"wpb-content-wrapper\"><p>[vc_row][vc_column width=&#8221;1\/2&#8243;]<div id=\"ultimate-heading-51096a06eacbd6e3b\" class=\"uvc-heading ult-adjust-bottom-margin ultimate-heading-51096a06eacbd6e3b uvc-2465 \" data-hspacer=\"no_spacer\"  data-halign=\"left\" style=\"text-align:left\"><div class=\"uvc-heading-spacer no_spacer\" style=\"top\"><\/div><div class=\"uvc-main-heading ult-responsive\"  data-ultimate-target='.uvc-heading.ultimate-heading-51096a06eacbd6e3b h2'  data-responsive-json-new='{\"font-size\":\"\",\"line-height\":\"\"}' ><h2 style=\"font-weight:normal;\">NUESTRO ACEITE<\/h2><\/div><\/div>[vc_column_text]Monovarietal, la aceituna es de la clase picual.<br \/>\nUn aceite ideal para su uso diario, es un virgen extra de gran cuerpo, un verdor amarillento, con una intensidad media en amargor y en picor. Ideal para su uso dom\u00e9stico, restauraci\u00f3n, hosteler\u00eda, etc., en crudo y en fritura.<\/p>\n<p>Es un aceite con frutado suave, sin ning\u00fan tipo de defecto, con aroma fresco a hoja verde de olivo, agradable olor y un sabor a fruto fresco.<\/p>\n<p>Entre sus mejores cualidades est\u00e1 su gran resistencia al enranciamiento, gracias a la significativa cantidad de vitamina E que posee.[\/vc_column_text][vc_btn title=&#8221;COMPRAR ACEITE&#8221; style=&#8221;outline-custom&#8221; outline_custom_color=&#8221;#fd4515&#8243; outline_custom_hover_background=&#8221;#fd4515&#8243; outline_custom_hover_text=&#8221;#ffffff&#8221; shape=&#8221;square&#8221; size=&#8221;sm&#8221; align=&#8221;center&#8221; button_block=&#8221;true&#8221; link=&#8221;url:https%3A%2F%2Fkyrios-business.es%2Fgourmet%2Fnuestro-aceite%2F|title:Nuestro%20aceite||&#8221;][\/vc_column][vc_column width=&#8221;1\/2&#8243;][vc_single_image image=&#8221;32&#8243; img_size=&#8221;full&#8221;][\/vc_column][\/vc_row][vc_row][vc_column width=&#8221;1\/2&#8243; offset=&#8221;vc_hidden-sm vc_hidden-xs&#8221;][vc_single_image image=&#8221;31&#8243; img_size=&#8221;full&#8221;][\/vc_column][vc_column width=&#8221;1\/2&#8243; offset=&#8221;vc_hidden-sm vc_hidden-xs&#8221;]<div id=\"ultimate-heading-17036a06eacbd6e66\" class=\"uvc-heading ult-adjust-bottom-margin ultimate-heading-17036a06eacbd6e66 uvc-9857 \" data-hspacer=\"no_spacer\"  data-halign=\"left\" style=\"text-align:left\"><div class=\"uvc-heading-spacer no_spacer\" style=\"top\"><\/div><div class=\"uvc-main-heading ult-responsive\"  data-ultimate-target='.uvc-heading.ultimate-heading-17036a06eacbd6e66 h2'  data-responsive-json-new='{\"font-size\":\"\",\"line-height\":\"\"}' ><h2 style=\"font-weight:normal;\">NUESTRO VINO<\/h2><\/div><\/div>[vc_column_text]<strong>Altos ib\u00e9ricos \u00be crianza &#8220;RIOJA&#8221;:<br \/>\n<\/strong>Vino tempranillo que destaca por sus acentuados e intensos aromas de frutos del bosque, ar\u00e1ndanos y moras, en contraposici\u00f3n al clasicismo de la mayor\u00eda de vinos tintos aut\u00f3ctonos, m\u00e1s marcados por notas torrefactas y especias naturales de su paso por barrica. Un tinto que provoca singulares sensaciones frutales y suaves taninos encajan especialmente con todo tipo de tapas elaboradas con alimentos frescos.<\/p>\n<p><strong>La Poda RIBERA Roble \u00be &#8220;RIBERA DEL DUERO&#8221;:<br \/>\n<\/strong>Con La Poda se busca obtener la mejor uva para elaborar un vino honesto que reivindique el arte de la viticultura por encima del trabajo en bodega. Dicha elaboraci\u00f3n est\u00e1 liderada por Almudena Alberca, quien forma parte de la actual generaci\u00f3n de en\u00f3logos espa\u00f1oles con visi\u00f3n internacional. La PodaTempranillo desprende aromas de frutas maduras y especias y es ideal para tapear con quesos, embutidos y platos especiados y picantes.[\/vc_column_text][vc_btn title=&#8221;COMPRAR VINO&#8221; style=&#8221;outline-custom&#8221; outline_custom_color=&#8221;#fd4515&#8243; outline_custom_hover_background=&#8221;#fd4515&#8243; outline_custom_hover_text=&#8221;#ffffff&#8221; shape=&#8221;square&#8221; size=&#8221;sm&#8221; align=&#8221;center&#8221; button_block=&#8221;true&#8221; link=&#8221;url:https%3A%2F%2Fkyrios-business.es%2Fgourmet%2Fnuestro-vino%2F|title:Nuestro%20vino||&#8221;][\/vc_column][\/vc_row][vc_row][vc_column offset=&#8221;vc_hidden-lg vc_hidden-md&#8221;]<div id=\"ultimate-heading-9286a06eacbd6e7c\" class=\"uvc-heading ult-adjust-bottom-margin ultimate-heading-9286a06eacbd6e7c uvc-1695 \" data-hspacer=\"no_spacer\"  data-halign=\"left\" style=\"text-align:left\"><div class=\"uvc-heading-spacer no_spacer\" style=\"top\"><\/div><div class=\"uvc-main-heading ult-responsive\"  data-ultimate-target='.uvc-heading.ultimate-heading-9286a06eacbd6e7c h2'  data-responsive-json-new='{\"font-size\":\"\",\"line-height\":\"\"}' ><h2 style=\"font-weight:normal;\">NUESTRO VINO<\/h2><\/div><\/div>[vc_column_text]<strong>Altos ib\u00e9ricos \u00be crianza &#8220;RIOJA&#8221;:<br \/>\n<\/strong>Vino tempranillo que destaca por sus acentuados e intensos aromas de frutos del bosque, ar\u00e1ndanos y moras, en contraposici\u00f3n al clasicismo de la mayor\u00eda de vinos tintos aut\u00f3ctonos, m\u00e1s marcados por notas torrefactas y especias naturales de su paso por barrica. Un tinto que provoca singulares sensaciones frutales y suaves taninos encajan especialmente con todo tipo de tapas elaboradas con alimentos frescos.<\/p>\n<p><strong>La Poda RIBERA Roble \u00be &#8220;RIBERA DEL DUERO&#8221;:<br \/>\n<\/strong>Con La Poda se busca obtener la mejor uva para elaborar un vino honesto que reivindique el arte de la viticultura por encima del trabajo en bodega. Dicha elaboraci\u00f3n est\u00e1 liderada por Almudena Alberca, quien forma parte de la actual generaci\u00f3n de en\u00f3logos espa\u00f1oles con visi\u00f3n internacional. La PodaTempranillo desprende aromas de frutas maduras y especias y es ideal para tapear con quesos, embutidos y platos especiados y picantes.<\/p>\n<p><strong>Esteban Mart\u00edn 2018 &#8220;CARI\u00d1ENA&#8221;:<br \/>\n<\/strong>De color rojo cereza, aromas a toffee, bomb\u00f3n y frutas del bosque. Bien estructurado en boca, con taninos finos y agradables, suave y untoso. Airee este vino durante 20 o 30 minutos y permita que se abra, se encontrar\u00e1 con una experiencia audaz. Ac\u00e9rquese a esa primera copa con precauci\u00f3n y sea paciente, descubrir\u00e1 un vino equilibrado.[\/vc_column_text][vc_btn title=&#8221;COMPRAR VINO&#8221; style=&#8221;outline-custom&#8221; outline_custom_color=&#8221;#fd4515&#8243; outline_custom_hover_background=&#8221;#fd4515&#8243; outline_custom_hover_text=&#8221;#ffffff&#8221; shape=&#8221;square&#8221; size=&#8221;sm&#8221; align=&#8221;center&#8221; button_block=&#8221;true&#8221; link=&#8221;url:https%3A%2F%2Fkyrios-business.es%2Fgourmet%2Fnuestro-vino%2F|title:Nuestro%20vino||&#8221;][vc_single_image image=&#8221;31&#8243; img_size=&#8221;full&#8221;][\/vc_column][\/vc_row][vc_row full_width=&#8221;stretch_row&#8221; parallax=&#8221;content-moving&#8221; parallax_image=&#8221;38&#8243; disable_element=&#8221;yes&#8221; css=&#8221;.vc_custom_1727434582584{margin-top: 40px !important;}&#8221;][vc_column]<div id=\"ultimate-heading-31726a06eacbd6e90\" class=\"uvc-heading ult-adjust-bottom-margin ultimate-heading-31726a06eacbd6e90 uvc-6295 \" data-hspacer=\"no_spacer\"  data-halign=\"center\" style=\"text-align:center\"><div class=\"uvc-heading-spacer no_spacer\" style=\"top\"><\/div><div class=\"uvc-main-heading ult-responsive\"  data-ultimate-target='.uvc-heading.ultimate-heading-31726a06eacbd6e90 h2'  data-responsive-json-new='{\"font-size\":\"\",\"line-height\":\"\"}' ><h2 style=\"font-weight:normal;\">NEWS<\/h2><\/div><\/div>[vc_row_inner][vc_column_inner][vc_basic_grid post_type=&#8221;post&#8221; max_items=&#8221;2&#8243; element_width=&#8221;6&#8243; item=&#8221;154&#8243; grid_id=&#8221;vc_gid:1728588311793-f7b12711-a4f8-2&#8243; taxonomies=&#8221;1&#8243;][\/vc_column_inner][\/vc_row_inner][vc_btn title=&#8221;VER M\u00c1S NEWS&#8221; style=&#8221;outline-custom&#8221; outline_custom_color=&#8221;#fd4515&#8243; outline_custom_hover_background=&#8221;#fd4515&#8243; outline_custom_hover_text=&#8221;#ffffff&#8221; shape=&#8221;square&#8221; size=&#8221;sm&#8221; align=&#8221;center&#8221; link=&#8221;url:https%3A%2F%2Fkyrios-business.es%2Fgourmet%2Fnews%2F|title:News||&#8221;][\/vc_column][\/vc_row]<\/p>\n<\/div>","protected":false},"excerpt":{"rendered":"<p>[vc_row][vc_column width=&#8221;1\/2&#8243;][vc_column_text]Monovarietal, la aceituna es de la clase picual. Un aceite ideal para su uso diario, es un virgen extra de gran cuerpo, un verdor amarillento, con una intensidad media en amargor y en picor. Ideal para su uso dom\u00e9stico, restauraci\u00f3n, hosteler\u00eda, etc., en crudo y en fritura. Es un aceite con frutado suave, sin[&#8230;]<\/p>\n","protected":false},"author":1,"featured_media":0,"parent":0,"menu_order":0,"comment_status":"closed","ping_status":"closed","template":"","meta":{"footnotes":""},"class_list":["post-13","page","type-page","status-publish","hentry"],"jetpack_sharing_enabled":true,"_links":{"self":[{"href":"https:\/\/kyrios-business.es\/gourmet\/wp-json\/wp\/v2\/pages\/13"}],"collection":[{"href":"https:\/\/kyrios-business.es\/gourmet\/wp-json\/wp\/v2\/pages"}],"about":[{"href":"https:\/\/kyrios-business.es\/gourmet\/wp-json\/wp\/v2\/types\/page"}],"author":[{"embeddable":true,"href":"https:\/\/kyrios-business.es\/gourmet\/wp-json\/wp\/v2\/users\/1"}],"replies":[{"embeddable":true,"href":"https:\/\/kyrios-business.es\/gourmet\/wp-json\/wp\/v2\/comments?post=13"}],"version-history":[{"count":38,"href":"https:\/\/kyrios-business.es\/gourmet\/wp-json\/wp\/v2\/pages\/13\/revisions"}],"predecessor-version":[{"id":180,"href":"https:\/\/kyrios-business.es\/gourmet\/wp-json\/wp\/v2\/pages\/13\/revisions\/180"}],"wp:attachment":[{"href":"https:\/\/kyrios-business.es\/gourmet\/wp-json\/wp\/v2\/media?parent=13"}],"curies":[{"name":"wp","href":"https:\/\/api.w.org\/{rel}","templated":true}]}}